{"id":72,"date":"2018-12-07T22:41:18","date_gmt":"2018-12-07T21:41:18","guid":{"rendered":"https:\/\/www.selvavida.com\/?page_id=72"},"modified":"2018-12-07T22:41:20","modified_gmt":"2018-12-07T21:41:20","slug":"selvavida-productos-naturales","status":"publish","type":"page","link":"https:\/\/www.selvavida.com\/es\/selvavida-productos-naturales\/","title":{"rendered":"Selvavida &#8211; Productos naturales"},"content":{"rendered":"<p>Importaci\u00f3n, venta y distribuci\u00f3n de semillas, plantas y productos naturales.<\/p>\n<div class=\"one-third first\">\n<h2>Servicios de Internet<\/h2>\n<ul>\n<li>Creaci\u00f3n de p\u00e1ginas web<\/li>\n<li>incluyendo fotograf\u00eda<\/li>\n<\/ul>\n<\/div>\n<div class=\"one-third\">\n<h2>Importaci\u00f3n, venta al mayoreo y menudeo<\/h2>\n<p>de semillas, plantas y productos naturales.<\/p>\n<\/div>\n<div class=\"one-third\">\n<h2>Fotograf\u00eda<\/h2>\n<ul>\n<li>Fotos del producto<\/li>\n<li>Fotos panor\u00e1micas<\/li>\n<li>Fotos macro<\/li>\n<\/ul>\n<\/div>\n<div style=\"border-bottom:1px solid #ddd;clear:both;margin-bottom: 26px;\"><\/div>\n<h2>Referencia<\/h2>\n<ul>\n<li><a href=\"http:\/\/www.ethno-botanik.org\">www.ethno-botanik.org<\/a><\/li>\n<li><a href=\"http:\/\/www.plantas-medicinales.org\">www.plantas-medicinales.org<\/a><\/li>\n<li><a href=\"http:\/\/www.nutzpflanze.org\">www.nutzpflanze.org<\/a><\/li>\n<\/ul>\n","protected":false},"excerpt":{"rendered":"<p>Importaci\u00f3n, venta y distribuci\u00f3n de semillas, plantas y productos naturales. Servicios de Internet Creaci\u00f3n de p\u00e1ginas web incluyendo fotograf\u00eda Importaci\u00f3n, venta al mayoreo y menudeo de semillas, plantas y productos naturales. Fotograf\u00eda Fotos del producto Fotos panor\u00e1micas Fotos macro Referencia www.ethno-botanik.org www.plantas-medicinales.org www.nutzpflanze.org<\/p>\n","protected":false},"author":2,"featured_media":0,"parent":0,"menu_order":0,"comment_status":"closed","ping_status":"closed","template":"","meta":{"_genesis_hide_title":false,"_genesis_hide_breadcrumbs":false,"_genesis_hide_singular_image":false,"_genesis_hide_footer_widgets":false,"_genesis_custom_body_class":"","_genesis_custom_post_class":"","_genesis_layout":"full-width-content","footnotes":""},"class_list":{"0":"post-72","1":"page","2":"type-page","3":"status-publish","5":"entry"},"featured_image_src":null,"featured_image_src_square":null,"_links":{"self":[{"href":"https:\/\/www.selvavida.com\/es\/wp-json\/wp\/v2\/pages\/72","targetHints":{"allow":["GET"]}}],"collection":[{"href":"https:\/\/www.selvavida.com\/es\/wp-json\/wp\/v2\/pages"}],"about":[{"href":"https:\/\/www.selvavida.com\/es\/wp-json\/wp\/v2\/types\/page"}],"author":[{"embeddable":true,"href":"https:\/\/www.selvavida.com\/es\/wp-json\/wp\/v2\/users\/2"}],"replies":[{"embeddable":true,"href":"https:\/\/www.selvavida.com\/es\/wp-json\/wp\/v2\/comments?post=72"}],"version-history":[{"count":1,"href":"https:\/\/www.selvavida.com\/es\/wp-json\/wp\/v2\/pages\/72\/revisions"}],"predecessor-version":[{"id":73,"href":"https:\/\/www.selvavida.com\/es\/wp-json\/wp\/v2\/pages\/72\/revisions\/73"}],"wp:attachment":[{"href":"https:\/\/www.selvavida.com\/es\/wp-json\/wp\/v2\/media?parent=72"}],"curies":[{"name":"wp","href":"https:\/\/api.w.org\/{rel}","templated":true}]}}